{"id":958,"date":"2020-04-18T11:05:07","date_gmt":"2020-04-18T11:05:07","guid":{"rendered":"http:\/\/inhalt.kochklasse-kaiserslautern.de\/?page_id=958"},"modified":"2020-05-03T13:55:28","modified_gmt":"2020-05-03T13:55:28","slug":"infos","status":"publish","type":"page","link":"https:\/\/kochklasse-kaiserslautern.de\/?page_id=958","title":{"rendered":"Infos"},"content":{"rendered":"\t<div class=\"pixcode  pixcode--grid  grid\" >\n\t\t\t<div class=\"grid__item three-twelfths palm-one-whole\" >\n\t\t\n<p>&nbsp;<\/p>\n<div id='gallery-1' class='gallery galleryid-958 gallery-columns-1 gallery-size-full'><figure class='gallery-item'>\n\t\t\t<div class='gallery-icon portrait'>\n\t\t\t\t<img width=\"350\" height=\"695\" src=\"https:\/\/kochklasse-kaiserslautern.de\/wp-content\/uploads\/2020\/05\/kochschuerze.jpg\" class=\"attachment-full size-full\" alt=\"\" decoding=\"async\" loading=\"lazy\" srcset=\"https:\/\/kochklasse-kaiserslautern.de\/wp-content\/uploads\/2020\/05\/kochschuerze.jpg 350w, https:\/\/kochklasse-kaiserslautern.de\/wp-content\/uploads\/2020\/05\/kochschuerze-151x300.jpg 151w\" sizes=\"(max-width: 350px) 100vw, 350px\" \/>\n\t\t\t<\/div><\/figure><figure class='gallery-item'>\n\t\t\t<div class='gallery-icon portrait'>\n\t\t\t\t<img width=\"151\" height=\"166\" src=\"https:\/\/kochklasse-kaiserslautern.de\/wp-content\/uploads\/2020\/04\/logo-rosa-white-2x.png\" class=\"attachment-full size-full\" alt=\"\" decoding=\"async\" loading=\"lazy\" \/>\n\t\t\t<\/div><\/figure>\n\t\t<\/div>\n\n<p>&nbsp;<\/p>\n<p>Koch Klasse!<br \/>\nDie Kochschule der Volkshochschule<br \/>\nKaiserslautern e.V.<br \/>\n67655 Kaiserslautern<br \/>\nKanalstra\u00dfe 3<br \/>\nTelefon 0631 36258-13<br \/>\nwww.vhs-kaiserslautern.de<br \/>\nwww.kochklasse.de<\/p>\n\t<\/div>\n\t<div class=\"island grid__item nine-twelfths palm-one-whole\" >\n\t\t\n<hgroup class=\"pixcode  pixcode--heading article__headline\">\n\t<h2 class=\"headline__secondary\"><span class=\"first-letter\">I<\/span>nfos rund um<\/h2>\n\t<h1 class=\"headline__primary\">die Kochschule<\/h1>\n<\/hgroup>\n<div class=\"pixcode  pixcode--separator  separator separator--flower separator_color--dark\">&#10043;<\/div>\n\n<p><strong>VHS-KOCHSCHULE<\/strong><br \/>\nDie Koch- und Backkurse finden in der Lehrk\u00fcche der Volkshochschule, Kanalstra\u00dfe 3, 67655 Kaiserslautern Raum 124, im ersten Obergeschoss statt. Der Raum ist barrierefrei erreichbar!<\/p>\n<p><strong>TEILNAHMEGEB\u00dcHREN<\/strong><br \/>\nDie Preise unserer Kochkurse entnehmen Sie bitte dem aktuellen VHS-Programmheft. Die Kosten f\u00fcr Veranstaltungsanfragen sind abh\u00e4ngig von Personenzahl, den ben\u00f6tigten Zutaten und Lebensmitteln sowie der Art der Veranstaltung. Sprechen Sie uns an, wir machen Ihnen gerne ein indivuduelles Angebot.<\/p>\n<p><strong>BITTE ZU JEDEM KOCHKURS MITBRINGEN:<\/strong><br \/>\nSch\u00fcrze, verschlie\u00dfbare Beh\u00e4lter f\u00fcr Kostproben, eventuell ein Getr\u00e4nk und ein Messer!<\/p>\n<p><strong>ANMELDUNG<\/strong><br \/>\nAus organisatorischen Gr\u00fcnden betr\u00e4gt die An- und Abmeldefrist f\u00fcr Kochkurse sieben Kalendertage. Sp\u00e4tere Anmeldungen sind nur in Ausnahmef\u00e4llen m\u00f6glich!<\/p>\n<p><strong>UNSER TIPP<\/strong><br \/>\nFreunde, Bekannte und Kollegen kochen zusammen unter fachkundiger Anleitung. Sobald Sie als Gruppe (maximal 14 Personen) einen Kochkurs buchen m\u00f6chten, kann die Volkshochschule zu einem Termin, den Sie ausw\u00e4hlen, ein gemeinsames Seminar arrangieren. Thema, Inhalt und Zeitumfang bestimmen Sie! Setzen Sie sich mit uns in Verbindung!<\/p>\n<p><strong>ALLGEMEINE HINWEISE<\/strong><br \/>\nAllergien und Nahrungsmittelunvertr\u00e4glichkeiten geben Sie bitte bei der Kursbuchung an! Das Mindestalter f\u00fcr Teilehmer\/innen betr\u00e4gt 18 Jahre. Einige Kurse beinhalten die Verkostung von alkoholischen Getr\u00e4nken. Trinken Sie<br \/>\nbitte verantwortungsbewusst. Es empfiehlt sich, eine Fahrgelegenheit zu organisieren.<\/p>\n<p>&nbsp;<\/p>\n\t<\/div>\n\t<\/div>\n\n","protected":false},"excerpt":{"rendered":"","protected":false},"author":1,"featured_media":1171,"parent":0,"menu_order":0,"comment_status":"closed","ping_status":"closed","template":"","meta":[],"_links":{"self":[{"href":"https:\/\/kochklasse-kaiserslautern.de\/index.php?rest_route=\/wp\/v2\/pages\/958"}],"collection":[{"href":"https:\/\/kochklasse-kaiserslautern.de\/index.php?rest_route=\/wp\/v2\/pages"}],"about":[{"href":"https:\/\/kochklasse-kaiserslautern.de\/index.php?rest_route=\/wp\/v2\/types\/page"}],"author":[{"embeddable":true,"href":"https:\/\/kochklasse-kaiserslautern.de\/index.php?rest_route=\/wp\/v2\/users\/1"}],"replies":[{"embeddable":true,"href":"https:\/\/kochklasse-kaiserslautern.de\/index.php?rest_route=%2Fwp%2Fv2%2Fcomments&post=958"}],"version-history":[{"count":12,"href":"https:\/\/kochklasse-kaiserslautern.de\/index.php?rest_route=\/wp\/v2\/pages\/958\/revisions"}],"predecessor-version":[{"id":1183,"href":"https:\/\/kochklasse-kaiserslautern.de\/index.php?rest_route=\/wp\/v2\/pages\/958\/revisions\/1183"}],"wp:featuredmedia":[{"embeddable":true,"href":"https:\/\/kochklasse-kaiserslautern.de\/index.php?rest_route=\/wp\/v2\/media\/1171"}],"wp:attachment":[{"href":"https:\/\/kochklasse-kaiserslautern.de\/index.php?rest_route=%2Fwp%2Fv2%2Fmedia&parent=958"}],"curies":[{"name":"wp","href":"https:\/\/api.w.org\/{rel}","templated":true}]}}