{"id":804,"date":"2020-04-15T16:57:18","date_gmt":"2020-04-15T16:57:18","guid":{"rendered":"http:\/\/inhalt.kochklasse-kaiserslautern.de\/?page_id=804"},"modified":"2022-02-27T22:00:20","modified_gmt":"2022-02-27T22:00:20","slug":"lernkultur","status":"publish","type":"page","link":"https:\/\/kochklasse-kaiserslautern.de\/?page_id=804","title":{"rendered":"Eventkultur"},"content":{"rendered":"\t<div class=\"pixcode  pixcode--grid  grid\" >\n\t\t\t<div class=\"grid__item six-twelfths palm-one-whole\" >\n\t\t\n<div id='gallery-1' class='gallery galleryid-804 gallery-columns-1 gallery-size-full'><figure class='gallery-item'>\n\t\t\t<div class='gallery-icon landscape'>\n\t\t\t\t<a data-title=\"event1\" data-alt=\"\" href='https:\/\/kochklasse-kaiserslautern.de\/wp-content\/uploads\/2020\/05\/event1.jpg'><img width=\"500\" height=\"333\" src=\"https:\/\/kochklasse-kaiserslautern.de\/wp-content\/uploads\/2020\/05\/event1.jpg\" class=\"attachment-full size-full\" alt=\"\" decoding=\"async\" loading=\"lazy\" srcset=\"https:\/\/kochklasse-kaiserslautern.de\/wp-content\/uploads\/2020\/05\/event1.jpg 500w, https:\/\/kochklasse-kaiserslautern.de\/wp-content\/uploads\/2020\/05\/event1-300x200.jpg 300w, https:\/\/kochklasse-kaiserslautern.de\/wp-content\/uploads\/2020\/05\/event1-400x266.jpg 400w\" sizes=\"(max-width: 500px) 100vw, 500px\" \/><\/a>\n\t\t\t<\/div><\/figure>\n\t\t<\/div>\n\n\t<\/div>\n\t<div class=\"island grid__item six-twelfths palm-one-whole\" >\n\t\t\n<hgroup class=\"pixcode  pixcode--heading article__headline\">\n\t<h2 class=\"headline__secondary\"><span class=\"first-letter\">T<\/span>rends &amp; Events<\/h2>\n\t<h1 class=\"headline__primary\">Eventkultur<\/h1>\n<\/hgroup>\n<div class=\"pixcode  pixcode--separator  separator separator--flower separator_color--dark\">&#10043;<\/div>\n\n<p>Gemeinsam kochen und essen ist Trend und wird immer mehr zum Gruppen- oder Firmenevent. Schlagworte sind:<\/p>\n<p>+ <a href=\"https:\/\/kochklasse-kaiserslautern.de\/?page_id=1199\">Food-Literacy<\/a><br \/>\n+ <a href=\"https:\/\/kochklasse-kaiserslautern.de\/?page_id=1205\">Kochen, Sprache &amp; Kultur<\/a><br \/>\n+ <a href=\"https:\/\/kochklasse-kaiserslautern.de\/?page_id=1210\">Herz &amp; Herd<\/a><br \/>\n+ <a href=\"https:\/\/kochklasse-kaiserslautern.de\/?page_id=1214\">Open Air \u2013 Grill &amp; Smoker<\/a><br \/>\n+ <a href=\"https:\/\/kochklasse-kaiserslautern.de\/?page_id=1217\">Kochevents f\u00fcr Firmen<\/a><br \/>\n+ <a href=\"https:\/\/kochklasse-kaiserslautern.de\/?page_id=1221\">Besondere Kochevents<\/a><\/p>\n<p>&nbsp;<\/p>\n\t<\/div>\n\t<\/div>\n\n<p>&nbsp;<\/p>\n\t<div class=\"pixcode  pixcode--grid  grid\" >\n\t\t\t<div class=\"island grid__item six-twelfths palm-one-whole\" >\n\t\t\n<hgroup class=\"pixcode  pixcode--heading article__headline\">\n\t<h2 class=\"headline__secondary\"><span class=\"first-letter\">G<\/span>rundbildung<\/h2>\n\t<h1 class=\"headline__primary\"> Food-<br \/>Literacy<\/h1>\n<\/hgroup>\n<div class=\"pixcode  pixcode--separator  separator separator--flower separator_color--dark\">&#10043;<\/div>\n\n<p>Unsere Grundbildungs-Angebote in der K\u00fcche:<br \/>\n+ Kulturelle Verst\u00e4ndigung, Kochen als internationale Sprache der gemeinsamen Verst\u00e4ndigung<br \/>\n+ Gruppendynamik (Ausbildung von Grundkompetenzen, wie bspw. Kommunikationsf\u00e4higkeit)<br \/>\n+ Sprache alltagstauglich ausprobieren und \u00fcben<br \/>\n+ Themen\u00fcbergreifendes Lernen<br \/>\n+ Informelles Lernen ohne (b\u00fcrokratische) H\u00fcrden<br \/>\n+ Gesunde und bewusste Ern\u00e4hrung als Grundkompetenz mit der F\u00e4higkeit ein konstruktives Preis-Leistungs-Verh\u00e4ltnis zu schaffen<\/p>\n\t<\/div>\n\t<div class=\"grid__item six-twelfths palm-one-whole\" >\n\t\t\n<div id='gallery-2' class='gallery galleryid-804 gallery-columns-1 gallery-size-full'><figure class='gallery-item'>\n\t\t\t<div class='gallery-icon landscape'>\n\t\t\t\t<a data-title=\"event-literacy\" data-alt=\"\" href='https:\/\/kochklasse-kaiserslautern.de\/wp-content\/uploads\/2020\/05\/event-literacy.jpg'><img width=\"500\" height=\"334\" src=\"https:\/\/kochklasse-kaiserslautern.de\/wp-content\/uploads\/2020\/05\/event-literacy.jpg\" class=\"attachment-full size-full\" alt=\"\" decoding=\"async\" loading=\"lazy\" srcset=\"https:\/\/kochklasse-kaiserslautern.de\/wp-content\/uploads\/2020\/05\/event-literacy.jpg 500w, https:\/\/kochklasse-kaiserslautern.de\/wp-content\/uploads\/2020\/05\/event-literacy-300x200.jpg 300w, https:\/\/kochklasse-kaiserslautern.de\/wp-content\/uploads\/2020\/05\/event-literacy-400x267.jpg 400w\" sizes=\"(max-width: 500px) 100vw, 500px\" \/><\/a>\n\t\t\t<\/div><\/figure>\n\t\t<\/div>\n\n<p>&nbsp;<\/p>\n<p>Die K\u00fcche ist weltweit in vielen Haushalten ein wichtiger Lebensraum und ein Ort kulturellen und sozialen Austausches. Hier spielt sich das soziale und kommunikative Leben ab, welches sich in Geschmack, Wohlbefinden und einem freundlichen Miteinander ausdr\u00fcckt.<\/p>\n<p style=\"text-align: center;\"><a href=\"https:\/\/kochklasse-kaiserslautern.de\/?page_id=1199\">Food-Literacy-Kurse im Detail<\/a><\/p>\n\t<\/div>\n\t<\/div>\n\n\t<div class=\"pixcode  pixcode--grid  grid\" >\n\t\t\t<div class=\"grid__item six-twelfths palm-one-whole\" >\n\t\t\n<div id='gallery-3' class='gallery galleryid-804 gallery-columns-1 gallery-size-full'><figure class='gallery-item'>\n\t\t\t<div class='gallery-icon landscape'>\n\t\t\t\t<a data-title=\"Two female friends talking at a coffee shop\" data-alt=\"\" href='https:\/\/kochklasse-kaiserslautern.de\/wp-content\/uploads\/2020\/05\/event-sprache.jpg'><img width=\"500\" height=\"333\" src=\"https:\/\/kochklasse-kaiserslautern.de\/wp-content\/uploads\/2020\/05\/event-sprache.jpg\" class=\"attachment-full size-full\" alt=\"\" decoding=\"async\" loading=\"lazy\" srcset=\"https:\/\/kochklasse-kaiserslautern.de\/wp-content\/uploads\/2020\/05\/event-sprache.jpg 500w, https:\/\/kochklasse-kaiserslautern.de\/wp-content\/uploads\/2020\/05\/event-sprache-300x200.jpg 300w, https:\/\/kochklasse-kaiserslautern.de\/wp-content\/uploads\/2020\/05\/event-sprache-400x266.jpg 400w\" sizes=\"(max-width: 500px) 100vw, 500px\" \/><\/a>\n\t\t\t<\/div><\/figure>\n\t\t<\/div>\n\n&nbsp;<br \/>\n+ Afternoon Tea \u2013 Eine englische Teestunde<br \/>\n+ Cocina espa\u00f1ola \u2013 Spanische K\u00fcche<br \/>\n+ Tempura (Knusprige Fries) \u2013 Japanische K\u00fcche<br \/>\n+ Bella Italia \u2013 Italienische K\u00fcche<br \/>\n+ Reise ins Land der Gew\u00fcrze \u2013 Persische K\u00fcche<\/p>\n<p style=\"text-align: center;\"><a href=\"https:\/\/kochklasse-kaiserslautern.de\/?page_id=1205\">Kochen, Sprache &amp; Kultur im Detail<\/a><\/p>\n\t<\/div>\n\t<div class=\"island grid__item six-twelfths palm-one-whole\" >\n\t\t\n<hgroup class=\"pixcode  pixcode--heading article__headline\">\n\t<h2 class=\"headline__secondary\"><span class=\"first-letter\">K<\/span>ochen,<\/h2>\n\t<h1 class=\"headline__primary\">Sprache<br \/>&amp; Kultur<\/h1>\n<\/hgroup>\n<div class=\"pixcode  pixcode--separator  separator separator--flower separator_color--dark\">&#10043;<\/div>\n\n<p><strong>Verbinden Sie das Kochen mit einem Sprach- oder Kulturabend.<\/strong><\/p>\n<p>Essen und Trinken stehen oftmals im Zentrum von Alltagssprache. F\u00fcr einen Essensfan gibt es kein besseres W\u00f6rterbuch als die Speisekarte in einem Restaurant oder das Rezept einer Lieblingsspeise. Es ist bereichernd, Traditionen, fremde Kulturen und deren Gerichte zu entdecken. Das gemeinsame Kochen und Essen ist die einfachste M\u00f6glichkeit, eine Sprache zu lernen und Menschen zu treffen. Beispiele gef\u00e4llig?<\/p>\n\t<\/div>\n\t<\/div>\n\n\t<div class=\"pixcode  pixcode--grid  grid\" >\n\t\t\t<div class=\"island grid__item six-twelfths palm-one-whole\" >\n\t\t\n<hgroup class=\"pixcode  pixcode--heading article__headline\">\n\t<h2 class=\"headline__secondary\"><span class=\"first-letter\">G<\/span>emeinsamkeiten<\/h2>\n\t<h1 class=\"headline__primary\"> Herz &amp; Herd<\/h1>\n<\/hgroup>\n<div class=\"pixcode  pixcode--separator  separator separator--flower separator_color--dark\">&#10043;<\/div>\n\n<strong>Nette Menschen oder die gro\u00dfe Liebe treffen<\/strong><\/p>\n<p>Liebe geht sprichw\u00f6rtlich durch den Magen. Zusammen Kochen hat somit gleich mehrere positive Aspekte \u2013 und das nicht nur f\u00fcr Singles. Ihre Ern\u00e4hrung wird vielseitiger, da Sie sich auch an neue Rezepte heranwagen. Und Sie k\u00f6nnen all die leckeren Sachen gemeinsam mit netten Menschen genie\u00dfen. Ganz gleich, ob Sie Single sind und einen Partner suchen, Ihre gro\u00dfe Liebe schon gefunden haben oder neue Bekanntschaften suchen. Gemeinsam Kochen und Essen verbindet immer!<\/p>\n\t<\/div>\n\t<div class=\"grid__item six-twelfths palm-one-whole\" >\n\t\t\n<div id='gallery-4' class='gallery galleryid-804 gallery-columns-1 gallery-size-full'><figure class='gallery-item'>\n\t\t\t<div class='gallery-icon landscape'>\n\t\t\t\t<a data-title=\"event-herz\" data-alt=\"\" href='https:\/\/kochklasse-kaiserslautern.de\/wp-content\/uploads\/2020\/05\/event-herz.jpg'><img width=\"500\" height=\"333\" src=\"https:\/\/kochklasse-kaiserslautern.de\/wp-content\/uploads\/2020\/05\/event-herz.jpg\" class=\"attachment-full size-full\" alt=\"\" decoding=\"async\" loading=\"lazy\" srcset=\"https:\/\/kochklasse-kaiserslautern.de\/wp-content\/uploads\/2020\/05\/event-herz.jpg 500w, https:\/\/kochklasse-kaiserslautern.de\/wp-content\/uploads\/2020\/05\/event-herz-300x200.jpg 300w, https:\/\/kochklasse-kaiserslautern.de\/wp-content\/uploads\/2020\/05\/event-herz-400x266.jpg 400w\" sizes=\"(max-width: 500px) 100vw, 500px\" \/><\/a>\n\t\t\t<\/div><\/figure>\n\t\t<\/div>\n\n<p>&nbsp;<\/p>\n<p>+ Blinde Date am Herd<br \/>\n+ Dinner for Two<br \/>\n+ After-Work-Cooking<\/p>\n<p><a href=\"https:\/\/kochklasse-kaiserslautern.de\/?page_id=1210\">Herz &amp; Herd-Kurse im Detail<\/a><\/p>\n\t<\/div>\n\t<\/div>\n\n\t<div class=\"pixcode  pixcode--grid  grid\" >\n\t\t\t<div class=\"grid__item six-twelfths palm-one-whole\" >\n\t\t\n<div id='gallery-5' class='gallery galleryid-804 gallery-columns-1 gallery-size-full'><figure class='gallery-item'>\n\t\t\t<div class='gallery-icon landscape'>\n\t\t\t\t<a data-title=\"event-grillen\" data-alt=\"\" href='https:\/\/kochklasse-kaiserslautern.de\/wp-content\/uploads\/2020\/05\/event-grillen.jpg'><img width=\"500\" height=\"345\" src=\"https:\/\/kochklasse-kaiserslautern.de\/wp-content\/uploads\/2020\/05\/event-grillen.jpg\" class=\"attachment-full size-full\" alt=\"\" decoding=\"async\" loading=\"lazy\" srcset=\"https:\/\/kochklasse-kaiserslautern.de\/wp-content\/uploads\/2020\/05\/event-grillen.jpg 500w, https:\/\/kochklasse-kaiserslautern.de\/wp-content\/uploads\/2020\/05\/event-grillen-300x207.jpg 300w, https:\/\/kochklasse-kaiserslautern.de\/wp-content\/uploads\/2020\/05\/event-grillen-400x276.jpg 400w\" sizes=\"(max-width: 500px) 100vw, 500px\" \/><\/a>\n\t\t\t<\/div><\/figure>\n\t\t<\/div>\n\n<p>&nbsp;<\/p>\n<p>Hier einige Beispiele f\u00fcr unsere Event-Themen:<\/p>\n<p>+ Rehr\u00fccken &amp; Co. &#8211; Wildfleisch grillen<br \/>\n+ Die besten Cuts vom Schwein<br \/>\n+ Cuts vom Rind: Porterhouse, T-Bone, Ribeye etc.<br \/>\n+ Beer-Butt-Chicken und sonstiges Gefl\u00fcgel<br \/>\n+ Burger &amp; Mehr<br \/>\n+ Es muss nicht immer Fleisch sein &#8211; Vegetarisch grillen<br \/>\n+ und viele andere<\/p>\n\t<\/div>\n\t<div class=\"island grid__item six-twelfths palm-one-whole\" >\n\t\t\n<hgroup class=\"pixcode  pixcode--heading article__headline\">\n\t<h2 class=\"headline__secondary\"><span class=\"first-letter\">O<\/span>pen Air<\/h2>\n\t<h1 class=\"headline__primary\">Grill<br \/>&amp; Smoker<\/h1>\n<\/hgroup>\n<div class=\"pixcode  pixcode--separator  separator separator--flower separator_color--dark\">&#10043;<\/div>\n\n<p><strong>In unserem VHS Garten laden wir ein zum Winter- und Sommergrillen<\/strong><\/p>\n<p>Grillen ist mehr als Essen. Grillen ist eine Passion, in der sich Leidenschaft, Genuss und das Gef\u00fchl f\u00fcr frische Zutaten miteinander verbinden. An unseren Grillevents erwarten Sie regelm\u00e4\u00dfig neue Themen. Wir stellen zum einen aktuelle Trends rund ums Grillen vor, zum anderen erhalten Sie die M\u00f6glichkeit, besondere Fleischarten oder Cuts auszuprobieren.<\/p>\n<p style=\"text-align: center;\"><a href=\"https:\/\/kochklasse-kaiserslautern.de\/?page_id=1214\">Open Air \u2013 Grill &amp; Smoker im Detail<\/a><\/p>\n<p>&nbsp;<\/p>\n\t<\/div>\n\t<\/div>\n\n\t<div class=\"pixcode  pixcode--grid  grid\" >\n\t\t\t<div class=\"island grid__item six-twelfths palm-one-whole\" >\n\t\t\n<hgroup class=\"pixcode  pixcode--heading article__headline\">\n\t<h2 class=\"headline__secondary\"><span class=\"first-letter\">K<\/span>ochevents<\/h2>\n\t<h1 class=\"headline__primary\"> f\u00fcr Firmen<\/h1>\n<\/hgroup>\n<div class=\"pixcode  pixcode--separator  separator separator--flower separator_color--dark\">&#10043;<\/div>\n\n<p><strong>Unser Angebot f\u00fcr Unternehmen:<\/strong><br \/>\n+ Organisation, Planung und Durchf\u00fchrung des Teamevents auf Basis Ihrer Anforderungen<br \/>\n+ Instruktion und Betreuung durch erfahrene Kochdozenten\/-dozentinnen und Hauswirtschafter\/-innen<br \/>\n+ Bereitstellung aller ben\u00f6tigten Lebensmittel, Kochzutaten sowie Kochutensilien und Leihsch\u00fcrzen<br \/>\n+ Auswahl an verschiedenen Men\u00fcvorschl\u00e4gen (je nach Jahreszeit und Anlass) und den entsprechenden Rezepten<br \/>\n+ Angepasste Rezepte f\u00fcr Vegetarier, Veganer oder G\u00e4ste mit Unvertr\u00e4glichkeiten<br \/>\n+ Kombi-Angebote wie Gesundheitstage \u201eQuellen der Gesundheit\u201c mit Fitness, Ern\u00e4hrung und Entspannung<\/p>\n<p><a href=\"https:\/\/kochklasse-kaiserslautern.de\/?page_id=1217\">Firmenkurse im Detail<\/a><\/p>\n\t<\/div>\n\t<div class=\"grid__item six-twelfths palm-one-whole\" >\n\t\t\n<div id='gallery-6' class='gallery galleryid-804 gallery-columns-1 gallery-size-full'><figure class='gallery-item'>\n\t\t\t<div class='gallery-icon landscape'>\n\t\t\t\t<a data-title=\"event-firmen\" data-alt=\"\" href='https:\/\/kochklasse-kaiserslautern.de\/wp-content\/uploads\/2020\/05\/event-firmen.jpg'><img width=\"500\" height=\"333\" src=\"https:\/\/kochklasse-kaiserslautern.de\/wp-content\/uploads\/2020\/05\/event-firmen.jpg\" class=\"attachment-full size-full\" alt=\"\" decoding=\"async\" loading=\"lazy\" srcset=\"https:\/\/kochklasse-kaiserslautern.de\/wp-content\/uploads\/2020\/05\/event-firmen.jpg 500w, https:\/\/kochklasse-kaiserslautern.de\/wp-content\/uploads\/2020\/05\/event-firmen-300x200.jpg 300w, https:\/\/kochklasse-kaiserslautern.de\/wp-content\/uploads\/2020\/05\/event-firmen-400x266.jpg 400w\" sizes=\"(max-width: 500px) 100vw, 500px\" \/><\/a>\n\t\t\t<\/div><\/figure>\n\t\t<\/div>\n\n<p>&nbsp;<\/p>\n<p><strong>Kochen als Gruppenerlebnis und Firmenevent<\/strong><\/p>\n<p>Gemeinsames Kochen ist Kommunikation, bringt eine Menge Spa\u00df, ben\u00f6tigt aber auch Teamarbeit. Angeleitet durch unsere erfahrenen Kochdozentinnen und -dozenten schnippeln, braten und brutzeln Sie in kleinen Gruppen. Lernen Sie sich im Team neu kennen und nehmen Sie den Teamgeist mit in Ihrem Berufsalltag!<\/p>\n\t<\/div>\n\t<\/div>\n\n\t<div class=\"pixcode  pixcode--grid  grid\" >\n\t\t\t<div class=\"grid__item six-twelfths palm-one-whole\" >\n\t\t\n<div id='gallery-7' class='gallery galleryid-804 gallery-columns-1 gallery-size-full'><figure class='gallery-item'>\n\t\t\t<div class='gallery-icon landscape'>\n\t\t\t\t<a data-title=\"event-besonders\" data-alt=\"\" href='https:\/\/kochklasse-kaiserslautern.de\/wp-content\/uploads\/2020\/05\/event-besonders.jpg'><img width=\"500\" height=\"395\" src=\"https:\/\/kochklasse-kaiserslautern.de\/wp-content\/uploads\/2020\/05\/event-besonders.jpg\" class=\"attachment-full size-full\" alt=\"\" decoding=\"async\" loading=\"lazy\" srcset=\"https:\/\/kochklasse-kaiserslautern.de\/wp-content\/uploads\/2020\/05\/event-besonders.jpg 500w, https:\/\/kochklasse-kaiserslautern.de\/wp-content\/uploads\/2020\/05\/event-besonders-300x237.jpg 300w, https:\/\/kochklasse-kaiserslautern.de\/wp-content\/uploads\/2020\/05\/event-besonders-400x316.jpg 400w\" sizes=\"(max-width: 500px) 100vw, 500px\" \/><\/a>\n\t\t\t<\/div><\/figure>\n\t\t<\/div>\n\n<p>&nbsp;<\/p>\n<p>+ Kochlesungen<br \/>\n+ Frontcooking<br \/>\n+ Koch-Battles<br \/>\n+ Geburtstage, Familienfeiern &amp; Co.<\/p>\n\t<\/div>\n\t<div class=\"island grid__item six-twelfths palm-one-whole\" >\n\t\t\n<hgroup class=\"pixcode  pixcode--heading article__headline\">\n\t<h2 class=\"headline__secondary\"><span class=\"first-letter\">B<\/span>esondere<\/h2>\n\t<h1 class=\"headline__primary\">Kochevents<\/h1>\n<\/hgroup>\n<div class=\"pixcode  pixcode--separator  separator separator--flower separator_color--dark\">&#10043;<\/div>\n\n<p><strong>Frontcooking, Kochlesungen und \u201eK\u00fcchenschlachten\u201c<\/strong><\/p>\n<p>Neben den vorgestellten Kursen gibt es in unserer VHS-Kochschule noch zahlreiche weitere<br \/>\nVeranstaltungen rund um das Kochen. Ob Kochbuch-Lesungen bekannter Autorinnen und<br \/>\nAutoren, Kochvorf\u00fchrung von Spitzenk\u00f6chen oder \u201eKochbattle\u201c ambitionierter Teams. Bei uns<br \/>\nfinden Sie zahlreiche kurzweilige, unterhaltsame und weiterbildende Formate. \u00dcbrigens: Auch<br \/>\nf\u00fcr Ihre n\u00e4chste private Feier k\u00f6nnen Sie unsere Kochschule samt Dozent\/in mieten.<\/p>\n<p><a href=\"https:\/\/kochklasse-kaiserslautern.de\/?page_id=1221\">Besondere Kochevents im Detail<\/a><\/p>\n\t<\/div>\n\t<\/div>\n\n","protected":false},"excerpt":{"rendered":"<p>&nbsp;<\/p>\n","protected":false},"author":1,"featured_media":1116,"parent":321,"menu_order":0,"comment_status":"closed","ping_status":"closed","template":"","meta":[],"_links":{"self":[{"href":"https:\/\/kochklasse-kaiserslautern.de\/index.php?rest_route=\/wp\/v2\/pages\/804"}],"collection":[{"href":"https:\/\/kochklasse-kaiserslautern.de\/index.php?rest_route=\/wp\/v2\/pages"}],"about":[{"href":"https:\/\/kochklasse-kaiserslautern.de\/index.php?rest_route=\/wp\/v2\/types\/page"}],"author":[{"embeddable":true,"href":"https:\/\/kochklasse-kaiserslautern.de\/index.php?rest_route=\/wp\/v2\/users\/1"}],"replies":[{"embeddable":true,"href":"https:\/\/kochklasse-kaiserslautern.de\/index.php?rest_route=%2Fwp%2Fv2%2Fcomments&post=804"}],"version-history":[{"count":38,"href":"https:\/\/kochklasse-kaiserslautern.de\/index.php?rest_route=\/wp\/v2\/pages\/804\/revisions"}],"predecessor-version":[{"id":1418,"href":"https:\/\/kochklasse-kaiserslautern.de\/index.php?rest_route=\/wp\/v2\/pages\/804\/revisions\/1418"}],"up":[{"embeddable":true,"href":"https:\/\/kochklasse-kaiserslautern.de\/index.php?rest_route=\/wp\/v2\/pages\/321"}],"wp:featuredmedia":[{"embeddable":true,"href":"https:\/\/kochklasse-kaiserslautern.de\/index.php?rest_route=\/wp\/v2\/media\/1116"}],"wp:attachment":[{"href":"https:\/\/kochklasse-kaiserslautern.de\/index.php?rest_route=%2Fwp%2Fv2%2Fmedia&parent=804"}],"curies":[{"name":"wp","href":"https:\/\/api.w.org\/{rel}","templated":true}]}}