{"id":802,"date":"2020-04-15T16:55:52","date_gmt":"2020-04-15T16:55:52","guid":{"rendered":"http:\/\/inhalt.kochklasse-kaiserslautern.de\/?page_id=802"},"modified":"2022-02-27T21:58:05","modified_gmt":"2022-02-27T21:58:05","slug":"esskultur","status":"publish","type":"page","link":"https:\/\/kochklasse-kaiserslautern.de\/?page_id=802","title":{"rendered":"Esskultur"},"content":{"rendered":"\t<div class=\"pixcode  pixcode--grid  grid\" >\n\t\t\t<div class=\"grid__item six-twelfths palm-one-whole\" >\n\t\t\n<div id='gallery-1' class='gallery galleryid-802 gallery-columns-1 gallery-size-full'><figure class='gallery-item'>\n\t\t\t<div class='gallery-icon landscape'>\n\t\t\t\t<a data-title=\"esskultura\" data-alt=\"\" href='https:\/\/kochklasse-kaiserslautern.de\/wp-content\/uploads\/2020\/04\/esskultura.jpg'><img width=\"750\" height=\"497\" src=\"https:\/\/kochklasse-kaiserslautern.de\/wp-content\/uploads\/2020\/04\/esskultura.jpg\" class=\"attachment-full size-full\" alt=\"\" decoding=\"async\" loading=\"lazy\" srcset=\"https:\/\/kochklasse-kaiserslautern.de\/wp-content\/uploads\/2020\/04\/esskultura.jpg 750w, https:\/\/kochklasse-kaiserslautern.de\/wp-content\/uploads\/2020\/04\/esskultura-300x199.jpg 300w, https:\/\/kochklasse-kaiserslautern.de\/wp-content\/uploads\/2020\/04\/esskultura-400x265.jpg 400w\" sizes=\"(max-width: 750px) 100vw, 750px\" \/><\/a>\n\t\t\t<\/div><\/figure>\n\t\t<\/div>\n\n&nbsp;<br \/>\n&nbsp;<br \/>\n<strong>Basic-Kochkurse: Themen<\/strong><\/p>\n<p>&#8211; Selbstgemachte Pasta &amp; So\u00dfe<br \/>\n&#8211; Gem\u00fcse &amp; Bl\u00e4tter mit F\u00fcllung<br \/>\n&#8211; Einfache Fischgerichte &amp; Beilagen<br \/>\n&#8211; Dressings, Marinaden und Butterso\u00dfen<br \/>\n&#8211; Antipasti &amp; Tapas<br \/>\n&#8211; Grundlagen der Suppenk\u00fcche<\/p>\n\t<\/div>\n\n\t<div class=\"island grid__item six-twelfths palm-one-whole\" >\n\t\t\n<hgroup class=\"pixcode  pixcode--heading article__headline\">\n\t<h2 class=\"headline__secondary\"><span class=\"first-letter\">G<\/span>enial einfach<\/h2>\n\t<h1 class=\"headline__primary\">Basic-<br \/>Kochkurse<\/h1>\n<\/hgroup>\n<div class=\"pixcode  pixcode--separator  separator separator--flower separator_color--dark\">&#10043;<\/div>\n\n<p>Wir laden Sie ein, unter Anleitung unserer erfahrenen Dozenten und in lockerer Atmosph\u00e4re vielf\u00e4ltige kulinarische Kreationen gemeinsam mit anderen zuzubereiten und zu genie\u00dfen. Ganz nach unserem Motto: Koch Klasse!<\/p>\n<p>Mit genauen Anleitungen, kleinen Tricks und praktischen Tipps lassen sich viele Gerichte leicht umsetzen. Scheuen Sie sich nicht davor, die Herausforderung anzunehmen. Denn Kochen zu lernen ist kein Problem \u2013 wenn man die richtigen Rezepte kennt und einige Grundlagen erlernt hat.<\/p>\n<p><a href=\"https:\/\/kochklasse-kaiserslautern.de\/?page_id=898\">Basic-Kochurse im Detail<\/a><\/p>\n\t<\/div>\n\n\t<\/div>\n\n<p>&nbsp;<\/p>\n\t<div class=\"pixcode  pixcode--grid  grid\" >\n\t\t\t<div class=\"island grid__item six-twelfths palm-one-whole\" >\n\t\t\n<hgroup class=\"pixcode  pixcode--heading article__headline\">\n\t<h2 class=\"headline__secondary\"><span class=\"first-letter\">L<\/span>eckere<\/h2>\n\t<h1 class=\"headline__primary\">Schnelle<br \/>K\u00fcche<\/h1>\n<\/hgroup>\n<div class=\"pixcode  pixcode--separator  separator separator--flower separator_color--dark\">&#10043;<\/div>\n\nNicht jedes Mittag- oder Abendessen besteht aus drei G\u00e4ngen. Vor allem unter der Woche, wenn man von der Arbeit nach Hause kommt oder wenn man f\u00fcr sich alleine kocht. Meist erf\u00fcllt eine Tiefk\u00fchlpizza oder ein mitgebrachter Burger seinen ungesunden Zweck. Doch das muss nicht sein. Was Sie wissen sollten, wenn es beim Kochen schnell und einfach gehen soll, erfahren Sie in diesen Kursen!<\/p>\n<p><a href=\"https:\/\/kochklasse-kaiserslautern.de\/?page_id=1071\">Schnelle &amp; einfache K\u00fcche im Detail<\/a><\/p>\n\t<\/div>\n\n\t<div class=\"grid__item six-twelfths palm-one-whole\" >\n\t\t\n<div id='gallery-2' class='gallery galleryid-802 gallery-columns-1 gallery-size-full'><figure class='gallery-item'>\n\t\t\t<div class='gallery-icon landscape'>\n\t\t\t\t<a data-title=\"esskulturb\" data-alt=\"\" href='https:\/\/kochklasse-kaiserslautern.de\/wp-content\/uploads\/2020\/04\/esskulturb.jpg'><img width=\"750\" height=\"490\" src=\"https:\/\/kochklasse-kaiserslautern.de\/wp-content\/uploads\/2020\/04\/esskulturb.jpg\" class=\"attachment-full size-full\" alt=\"\" decoding=\"async\" loading=\"lazy\" srcset=\"https:\/\/kochklasse-kaiserslautern.de\/wp-content\/uploads\/2020\/04\/esskulturb.jpg 750w, https:\/\/kochklasse-kaiserslautern.de\/wp-content\/uploads\/2020\/04\/esskulturb-300x196.jpg 300w, https:\/\/kochklasse-kaiserslautern.de\/wp-content\/uploads\/2020\/04\/esskulturb-400x261.jpg 400w\" sizes=\"(max-width: 750px) 100vw, 750px\" \/><\/a>\n\t\t\t<\/div><\/figure>\n\t\t<\/div>\n\n&nbsp;<br \/>\n&nbsp;<br \/>\n<strong>Schnelle &amp; einfache K\u00fcche: Themen<\/strong><\/p>\n<p>&#8211; Kochkurs f\u00fcr M\u00e4nner (Einsteiger)<br \/>\n&#8211; Schnelle Vegetarische K\u00fcche<br \/>\n&#8211; Kochen f\u00fcr Berufst\u00e4tige<br \/>\n&#8211; 20-Minuten-K\u00fcche<\/p>\n\t<\/div>\n\n\t<\/div>\n\n<p>&nbsp;<\/p>\n\t<div class=\"pixcode  pixcode--grid  grid\" >\n\t\t\t<div class=\"grid__item six-twelfths palm-one-whole\" >\n\t\t\n<div id='gallery-3' class='gallery galleryid-802 gallery-columns-1 gallery-size-full'><figure class='gallery-item'>\n\t\t\t<div class='gallery-icon landscape'>\n\t\t\t\t<a data-title=\"esskulturc\" data-alt=\"\" href='https:\/\/kochklasse-kaiserslautern.de\/wp-content\/uploads\/2020\/04\/esskulturc.jpg'><img width=\"750\" height=\"500\" src=\"https:\/\/kochklasse-kaiserslautern.de\/wp-content\/uploads\/2020\/04\/esskulturc.jpg\" class=\"attachment-full size-full\" alt=\"\" decoding=\"async\" loading=\"lazy\" srcset=\"https:\/\/kochklasse-kaiserslautern.de\/wp-content\/uploads\/2020\/04\/esskulturc.jpg 750w, https:\/\/kochklasse-kaiserslautern.de\/wp-content\/uploads\/2020\/04\/esskulturc-300x200.jpg 300w, https:\/\/kochklasse-kaiserslautern.de\/wp-content\/uploads\/2020\/04\/esskulturc-400x267.jpg 400w\" sizes=\"(max-width: 750px) 100vw, 750px\" \/><\/a>\n\t\t\t<\/div><\/figure>\n\t\t<\/div>\n\n<p><strong>F\u00fcr Gourmets &amp; Fortgeschrittene: Themen<\/strong><\/p>\n<p>&#8211; Festagsmen\u00fc<br \/>\n&#8211; Vom Entr\u00e9e zum Dessert: Die klassische Speisenfolge<br \/>\n&#8211; Gro\u00dfe Kn\u00f6del-Liebe mit \u201eevchenkocht\u201c<br \/>\n&#8211; Das perfekte Dinner \u2013 Harmonie von Speisen &amp; Wein<br \/>\n&#8211; Fingerfood<\/p>\n\t<\/div>\n\n\t<div class=\"island grid__item six-twelfths palm-one-whole\" >\n\t\t\n<hgroup class=\"pixcode  pixcode--heading article__headline\">\n\t<h2 class=\"headline__secondary\"><span class=\"first-letter\">D<\/span>as Beste<\/h2>\n\t<h1 class=\"headline__primary\">F\u00fcr Gourmets<\/h1>\n<\/hgroup>\n<div class=\"pixcode  pixcode--separator  separator separator--flower separator_color--dark\">&#10043;<\/div>\n\n<p>Wenn Feiertage oder Familienfeste nahen, steigt die Unruhe, was denn diesmal auf den Tisch kommt. Dabei m\u00fcssen es nicht immer extravagante Zutaten oder ausgefallene Gerichte sein. Manchmal reicht es, Altbekanntes mit Perfektion zuzubereiten oder ein wenig liebevoller anzurichten. Sicher ist: Nach diesen Kursen kochen Sie Ihren G\u00e4sten ein L\u00e4cheln aufs Gesicht!<\/p>\n<p><a href=\"https:\/\/kochklasse-kaiserslautern.de\/?page_id=1081\">F\u00fcr Gourmets und Fortgeschrittene im Detail<\/a><\/p>\n\t<\/div>\n\n\t<\/div>\n\n<p>&nbsp;<\/p>\n\t<div class=\"pixcode  pixcode--grid  grid\" >\n\t\t\t<div class=\"island grid__item six-twelfths palm-one-whole\" >\n\t\t\n<hgroup class=\"pixcode  pixcode--heading article__headline\">\n\t<h2 class=\"headline__secondary\"><span class=\"first-letter\">G<\/span>esund und<\/h2>\n\t<h1 class=\"headline__primary\">Bewusst<br \/>kochen<\/h1>\n<\/hgroup>\n<div class=\"pixcode  pixcode--separator  separator separator--flower separator_color--dark\">&#10043;<\/div>\n\n<p>Ern\u00e4hrung ist heutzutage viel mehr als blo\u00dfe Energieaufnahme. Sie ist Ausdruck des Lebensstils und ein pers\u00f6nliches Statement. So gibt es in den letzten Jahren unz\u00e4hlige Trends und Ern\u00e4hrungsweisen, die sich der gesunden und ausgewogenen Ern\u00e4hrung widmen. Denn insbesondere der zu einseitig hohe Fleisch- , Fett- und Zuckerkonsum macht unserer Gesellschaft zu schaffen.<\/p>\n<p><a href=\"https:\/\/kochklasse-kaiserslautern.de\/?page_id=1082\">Bewusst kochen im Detail<\/a><\/p>\n\t<\/div>\n\n\t<div class=\"grid__item six-twelfths palm-one-whole\" >\n\t\t\n<div id='gallery-4' class='gallery galleryid-802 gallery-columns-1 gallery-size-full'><figure class='gallery-item'>\n\t\t\t<div class='gallery-icon landscape'>\n\t\t\t\t<a data-title=\"esskulturd\" data-alt=\"\" href='https:\/\/kochklasse-kaiserslautern.de\/wp-content\/uploads\/2020\/04\/esskulturd.jpg'><img width=\"750\" height=\"500\" src=\"https:\/\/kochklasse-kaiserslautern.de\/wp-content\/uploads\/2020\/04\/esskulturd.jpg\" class=\"attachment-full size-full\" alt=\"\" decoding=\"async\" loading=\"lazy\" srcset=\"https:\/\/kochklasse-kaiserslautern.de\/wp-content\/uploads\/2020\/04\/esskulturd.jpg 750w, https:\/\/kochklasse-kaiserslautern.de\/wp-content\/uploads\/2020\/04\/esskulturd-300x200.jpg 300w, https:\/\/kochklasse-kaiserslautern.de\/wp-content\/uploads\/2020\/04\/esskulturd-400x267.jpg 400w\" sizes=\"(max-width: 750px) 100vw, 750px\" \/><\/a>\n\t\t\t<\/div><\/figure>\n\t\t<\/div>\n\n&nbsp;<br \/>\n&nbsp;<br \/>\n<strong>Bewusst kochen: Themen<\/strong><\/p>\n<p>&#8211; Veganes Festmen\u00fc<br \/>\n&#8211; Clean Eating (Vollwertern\u00e4hrung)<br \/>\n&#8211; Vegetarische indische K\u00fcche<br \/>\n&#8211; Kochen mit Kr\u00e4utern<\/p>\n\t<\/div>\n\n\t<\/div>\n\n<p>&nbsp;<\/p>\n\t<div class=\"pixcode  pixcode--grid  grid\" >\n\t\t\t<div class=\"grid__item six-twelfths palm-one-whole\" >\n\t\t\n<div id='gallery-5' class='gallery galleryid-802 gallery-columns-1 gallery-size-full'><figure class='gallery-item'>\n\t\t\t<div class='gallery-icon landscape'>\n\t\t\t\t<a data-title=\"esskulture\" data-alt=\"\" href='https:\/\/kochklasse-kaiserslautern.de\/wp-content\/uploads\/2020\/04\/esskulture.jpg'><img width=\"750\" height=\"663\" src=\"https:\/\/kochklasse-kaiserslautern.de\/wp-content\/uploads\/2020\/04\/esskulture.jpg\" class=\"attachment-full size-full\" alt=\"\" decoding=\"async\" loading=\"lazy\" srcset=\"https:\/\/kochklasse-kaiserslautern.de\/wp-content\/uploads\/2020\/04\/esskulture.jpg 750w, https:\/\/kochklasse-kaiserslautern.de\/wp-content\/uploads\/2020\/04\/esskulture-300x265.jpg 300w, https:\/\/kochklasse-kaiserslautern.de\/wp-content\/uploads\/2020\/04\/esskulture-400x354.jpg 400w\" sizes=\"(max-width: 750px) 100vw, 750px\" \/><\/a>\n\t\t\t<\/div><\/figure>\n\t\t<\/div>\n\n&nbsp;<\/p>\n<p><strong>S\u00fc\u00dfe Verf\u00fchrung: Themen<\/strong><\/p>\n<p>&#8211; Backkurse<br \/>\n&#8211; Muffins, Cupcakes &amp; Co<br \/>\n&#8211; Macarons, eine s\u00fc\u00dfe Kleinigkeit<br \/>\n&#8211; Desserts und Nachspeisen<\/p>\n\t<\/div>\n\n\t<div class=\"island grid__item six-twelfths palm-one-whole\" >\n\t\t\n<hgroup class=\"pixcode  pixcode--heading article__headline\">\n\t<h2 class=\"headline__secondary\"><span class=\"first-letter\">S<\/span>\u00fc\u00dfe<\/h2>\n\t<h1 class=\"headline__primary\">Verf\u00fchrung<\/h1>\n<\/hgroup>\n<div class=\"pixcode  pixcode--separator  separator separator--flower separator_color--dark\">&#10043;<\/div>\n\n<p>Egal ob s\u00fc\u00dfe Freizeitgestaltung, Kindergeburtstag oder kreative und individuelle Geschenke. Wir bringen das Herz aller Naschkatzen zum Schmelzen! Ein Kurs aus unserer Kategorie \u201eS\u00fc\u00dfe Verf\u00fchrung\u201c ist ideal f\u00fcr alle, die ihr Talent beim Backen ausbauen oder auch zum ersten Mal erproben wollen. Wir laden Sie ein, auf eine Entdeckungsreise rund um alle s\u00fc\u00dfen Leckereien zu gehen.<\/p>\n<p><a href=\"https:\/\/kochklasse-kaiserslautern.de\/?page_id=1083\">S\u00fc\u00dfe Verf\u00fchrung im Detail<\/a><\/p>\n\t<\/div>\n\n\t<\/div>\n\n","protected":false},"excerpt":{"rendered":"<p>&nbsp; &nbsp; &nbsp; &nbsp;<\/p>\n","protected":false},"author":1,"featured_media":1064,"parent":321,"menu_order":0,"comment_status":"closed","ping_status":"closed","template":"","meta":[],"_links":{"self":[{"href":"https:\/\/kochklasse-kaiserslautern.de\/index.php?rest_route=\/wp\/v2\/pages\/802"}],"collection":[{"href":"https:\/\/kochklasse-kaiserslautern.de\/index.php?rest_route=\/wp\/v2\/pages"}],"about":[{"href":"https:\/\/kochklasse-kaiserslautern.de\/index.php?rest_route=\/wp\/v2\/types\/page"}],"author":[{"embeddable":true,"href":"https:\/\/kochklasse-kaiserslautern.de\/index.php?rest_route=\/wp\/v2\/users\/1"}],"replies":[{"embeddable":true,"href":"https:\/\/kochklasse-kaiserslautern.de\/index.php?rest_route=%2Fwp%2Fv2%2Fcomments&post=802"}],"version-history":[{"count":53,"href":"https:\/\/kochklasse-kaiserslautern.de\/index.php?rest_route=\/wp\/v2\/pages\/802\/revisions"}],"predecessor-version":[{"id":1417,"href":"https:\/\/kochklasse-kaiserslautern.de\/index.php?rest_route=\/wp\/v2\/pages\/802\/revisions\/1417"}],"up":[{"embeddable":true,"href":"https:\/\/kochklasse-kaiserslautern.de\/index.php?rest_route=\/wp\/v2\/pages\/321"}],"wp:featuredmedia":[{"embeddable":true,"href":"https:\/\/kochklasse-kaiserslautern.de\/index.php?rest_route=\/wp\/v2\/media\/1064"}],"wp:attachment":[{"href":"https:\/\/kochklasse-kaiserslautern.de\/index.php?rest_route=%2Fwp%2Fv2%2Fmedia&parent=802"}],"curies":[{"name":"wp","href":"https:\/\/api.w.org\/{rel}","templated":true}]}}