{"id":332,"date":"2014-06-26T07:32:56","date_gmt":"2014-06-26T07:32:56","guid":{"rendered":""},"modified":"2026-04-01T18:58:33","modified_gmt":"2026-04-01T18:58:33","slug":"third","status":"publish","type":"page","link":"https:\/\/kochklasse-kaiserslautern.de\/?page_id=332","title":{"rendered":"Pr\u00e4senz-Kurse"},"content":{"rendered":"\t<div class=\"pixcode  pixcode--grid  grid\" >\n\t\t\t<div class=\"island grid__item nine-twelfths palm-one-whole\" >\n\t\t\n<hgroup class=\"pixcode  pixcode--heading article__headline\">\n\t<h2 class=\"headline__secondary\"><span class=\"first-letter\">I<\/span>ch g\u00f6nn mir<\/h2>\n\t<h1 class=\"headline__primary\">einen Kochkurs<\/h1>\n<\/hgroup>\n<div class=\"pixcode  pixcode--separator  separator separator--flower separator_color--dark\">&#10043;<\/div>\n\n<p style=\"text-align: left;\">Sie wollen sich zuerst noch weiter grundlegend \u00fcber unsere Ess-, Trink- und Eventkulturangebote&#8220; informieren? Dann laden Sie sich unsere Info-Brosch\u00fcre &#8222;Koch_Klasse.pdf&#8220; herunter.<\/p>\n<p><a href=\"https:\/\/kochklasse-kaiserslautern.de\/wp-content\/uploads\/2020\/05\/VHS_BRO_Kochschule.pdf\" target=\"_blank\" rel=\"noopener noreferrer\">zur Infobrosch\u00fcre<\/a><\/p>\n<p>Die &#8222;Koch Klasse!&#8220;-Kurse finden alle im Rahmen des aktuellen Semesterprogramms der VHS-Kaiserslautern statt. Sie g\u00f6nnen sich was! Dann gilt &#8230;<\/p>\n<p>1. zuerst Kurs finden und ausw\u00e4hlen<br \/>\n2. dann anmelden<\/p>\n<p>&nbsp;<\/p>\n\t<\/div>\n\t<div class=\"grid__item three-twelfths palm-one-whole\" >\n\t\t\n&nbsp;<br \/>\n&nbsp;<br \/>\n&nbsp;<br \/>\n<a href=\"https:\/\/kochklasse-kaiserslautern.de\/wp-content\/uploads\/2020\/05\/VHS_BRO_Kochschule.pdf\" target=\"_blank\" rel=\"noopener noreferrer\"><br \/>\n<img decoding=\"async\" align=\"right\" src=\"https:\/\/kochklasse-kaiserslautern.de\/wp-content\/uploads\/2020\/04\/kochklassenteam.png\" alt=\"\"width=\"500\" \/><\/a><\/p>\n\t<\/div>\n\n\t<\/div>\n\n<hgroup class=\"pixcode  pixcode--heading article__headline\">\n\t<h2 class=\"headline__secondary\"><span class=\"first-letter\">S<\/span>uchen, finden und<\/h2>\n\t<h1 class=\"headline__primary\">ausw\u00e4hlen<\/h1>\n<\/hgroup>\n<div class=\"pixcode  pixcode--separator  separator separator--flower separator_color--dark\">&#10043;<\/div>\n\n<p style=\"text-align: left;\">Um Ihren Kochkurs zu finden haben Sie folgende M\u00f6glichkeiten:<\/p>\n<p>Gehen Sie auf der Homepage in den Programmbereich &#8222;Gesundheit und Ern\u00e4hrung&#8220; zum Thema &#8222;Kochen &amp; Backen&#8220; oder &#8222;Weine &#8211; Cocktails &#8211; Whisky&#8220; und Sie finden eine Liste der aktuellen Kursangebote<a href=\"https:\/\/www.vhs-kaiserslautern.de\/kurse\/gesundheit\" target=\"_blank\" rel=\"noopener noreferrer\"> zum Programmbereich &#8222;Gesundheit und Ern\u00e4hrung&#8220;<\/a><\/p>\n<h3>Direkt zu unseren Kochkursen und Weinseminaren im 1. Halbjahr 2026<\/h3>\n<p><a target=\"_blank\" href=\"https:\/\/www.vhs-kaiserslautern.de\/kurse\/gesundheit\/kurs\/Pilzkurse-Interessentenliste\/BC3499I\" rel=\"noopener noreferrer\">Pilzkurse &#8211; Interessentenliste<\/a>, Termin noch unbestimmt<br \/>\n<\/p>\n<p><a target=\"_blank\" href=\"https:\/\/www.vhs-kaiserslautern.de\/kurse\/gesundheit\/kurs\/Vegetarisch-vegan-klassische-Gerichte-neu-interpretiert\/BD3509\" rel=\"noopener noreferrer\">Vegetarisch &#038; vegan \u2013 klassische Gerichte neu interpretiert<\/a>, Fr. 17.04.2026<br \/>\n<\/p>\n<p><a target=\"_blank\" href=\"https:\/\/www.vhs-kaiserslautern.de\/kurse\/gesundheit\/kurs\/Suesse-Vielfalt-nach-franzoesischer-Art\/BD3503\" rel=\"noopener noreferrer\">S\u00fc\u00dfe Vielfalt nach franz\u00f6sischer Art<\/a>, Mi. 22.04.2026<br \/>\n<\/p>\n<p><a target=\"_blank\" href=\"https:\/\/www.vhs-kaiserslautern.de\/kurse\/gesundheit\/kurs\/Weinseminar-America-first-Aber-nicht-unbedingt-Nordamerika\/BD3584\" rel=\"noopener noreferrer\">Weinseminar: America first \u2026. Aber nicht unbedingt Nordamerika<\/a>, Fr. 24.04.2026<br \/>\n<\/p>\n<p><a target=\"_blank\" href=\"https:\/\/www.vhs-kaiserslautern.de\/kurse\/gesundheit\/kurs\/Saisonale-Fruehlingskueche\/BD3517\" rel=\"noopener noreferrer\">Saisonale Fr\u00fchlingsk\u00fcche<\/a>, Di. 28.04.2026<br \/>\n<\/p>\n<p><a target=\"_blank\" href=\"https:\/\/www.vhs-kaiserslautern.de\/kurse\/gesundheit\/kurs\/Essen-und-Trinken-in-Kindertagesstaetten-Modul-1\/BD5622\" rel=\"noopener noreferrer\">Kita-Verpflegung &#8211; gesund und lecker Mehr Vollkorngerichte in der Kitaverpflegung &#8211; Modul 2<\/a>, Mi. 29.04.2026<br \/>\n<\/p>\n<p><a target=\"_blank\" href=\"https:\/\/www.vhs-kaiserslautern.de\/kurse\/gesundheit\/kurs\/Weinseminar-WWW-Weissweine-weltweit\/BD3585\" rel=\"noopener noreferrer\">Weinseminar: WWW &#8211; Wei\u00dfweine weltweit<\/a>, Fr. 08.05.2026<br \/>\n<\/p>\n<p><a target=\"_blank\" href=\"https:\/\/www.vhs-kaiserslautern.de\/kurse\/gesundheit\/kurs\/Ein-Abend-in-Malaysia-Kochen-Schmecken-und-Geniessen\/BD3515\" rel=\"noopener noreferrer\">Ein Abend in Malaysia \u2013 Kochen, Schmecken und Genie\u00dfen<\/a>, Sa. 09.05.2026<br \/>\n<\/p>\n<p><a target=\"_blank\" href=\"https:\/\/www.vhs-kaiserslautern.de\/kurse\/gesundheit\/kurs\/Japanische-Kueche-Udon-Nudeln-selbst-herstellen\/BD3524\" rel=\"noopener noreferrer\">Japanische K\u00fcche &#8211; Udon-Nudeln selbst herstellen<\/a>, So. 10.05.2026<br \/>\n<\/p>\n<p><a target=\"_blank\" href=\"https:\/\/www.vhs-kaiserslautern.de\/kurse\/gesundheit\/kurs\/Vegane-Ayurveda-Kueche-fuer-den-Alltag\/BD3510\" rel=\"noopener noreferrer\">Vegane Ayurveda-K\u00fcche f\u00fcr den Alltag<\/a>, Mi. 13.05.2026<br \/>\n<\/p>\n<p><a target=\"_blank\" href=\"https:\/\/www.vhs-kaiserslautern.de\/kurse\/gesundheit\/kurs\/Thailaendische-Kueche\/BD3504A\" rel=\"noopener noreferrer\">Thail\u00e4ndische K\u00fcche<\/a>, Fr. 22.05.2026<br \/>\n<\/p>\n<p><a target=\"_blank\" href=\"https:\/\/www.vhs-kaiserslautern.de\/kurse\/gesundheit\/kurs\/Cucina-Italiana-Italienische-Vorspeisen-der-Saison-bilingualer-Kochkurs\/BD4751\" rel=\"noopener noreferrer\">Cucina Italiana &#8211; Italienische Vorspeisen der Saison &#8211; bilingualer Kochkurs<\/a>, Mi. 27.05.2026<br \/>\n<\/p>\n<p><a target=\"_blank\" href=\"https:\/\/www.vhs-kaiserslautern.de\/kurse\/gesundheit\/kurs\/Die-Welt-der-Gewuerze-60-Aromen-in-3-Stunden\/BD3516\" rel=\"noopener noreferrer\">Die Welt der Gew\u00fcrze \u2013 60 Aromen in 3 Stunden<\/a>, Fr. 29.05.2026<br \/>\n<\/p>\n<p><a target=\"_blank\" href=\"https:\/\/www.vhs-kaiserslautern.de\/kurse\/gesundheit\/kurs\/Essen-und-Trinken-in-Kindertagesstaetten-Modul-1\/BD5623\" rel=\"noopener noreferrer\">Kita-Verpflegung &#8211; gesund und lecker Mehr Vollkorngerichte in der Kitaverpflegung &#8211; Modul 3<\/a>, Mi. 10.06.2026<\/p>\n<p><\/p>\n<p><a target=\"_blank\" href=\"https:\/\/www.vhs-kaiserslautern.de\/kurse\/gesundheit\/kurs\/Indische-Kueche-vegetarisch\/BD3501\" rel=\"noopener noreferrer\">Indische K\u00fcche &#8211; vegetarisch<\/a>, Mi. 17.06.2026<br \/>\n<\/p>\n<p><a target=\"_blank\" href=\"https:\/\/www.vhs-kaiserslautern.de\/kurse\/gesundheit\/kurs\/Cucina-Italiana-Italienische-Vorspeisen-der-Saison-bilingualer-Kochkurs\/BD4752\" rel=\"noopener noreferrer\">Cucina Italiana &#8211; Italienische Vorspeisen der Saison &#8211; bilingualer Kochkurs<\/a>, Do. 18.06.2026<br \/>\n<\/p>\n<p><a target=\"_blank\" href=\"https:\/\/www.vhs-kaiserslautern.de\/kurse\/gesundheit\/kurs\/Essen-und-Trinken-in-Kindertagesstaetten-Modul-1\/BD5624\" rel=\"noopener noreferrer\">Kita-Verpflegung &#8211; gesund und lecker Mehr Vollkorngerichte in der Kitaverpflegung &#8211; Modul 4<\/a>, Mi. 02.09.2026<br \/>\n<\/p>\n<p><a target=\"_blank\" href=\"https:\/\/www.vhs-kaiserslautern.de\/kurse\/gesundheit\/kurs\/Indische-Kueche-vegetarisch\/BE3501\" rel=\"noopener noreferrer\">Indische K\u00fcche &#8211; vegetarisch<\/a>, Mi. 16.09.2026<br \/>\n<\/p>\n<p><a target=\"_blank\" href=\"https:\/\/www.vhs-kaiserslautern.de\/kurse\/gesundheit\/kurs\/Knoedel-Eine-runde-Sache\/BE3503\" rel=\"noopener noreferrer\">Kn\u00f6del &#8211; Eine runde Sache<\/a>, Mi. 30.09.2026<br \/>\n<\/p>\n<p><a target=\"_blank\" href=\"https:\/\/www.vhs-kaiserslautern.de\/kurse\/gesundheit\/kurs\/Indische-Kueche\/BE3502\" rel=\"noopener noreferrer\">Indische K\u00fcche<\/a>, Mi. 28.10.2026<br \/>\n<\/p>\n<p><a target=\"_blank\" href=\"https:\/\/www.vhs-kaiserslautern.de\/kurse\/gesundheit\/kurs\/Japanische-Kueche-Knusprig-frittiertes-Sushi\/BE3524\" rel=\"noopener noreferrer\">Japanische K\u00fcche &#8211; Knusprig frittiertes Sushi<\/a>, So. 08.11.2026<br \/>\n<\/p>\n<p><a target=\"_blank\" href=\"https:\/\/www.vhs-kaiserslautern.de\/kurse\/gesundheit\/kurs\/Essen-und-Trinken-in-Kindertagesstaetten-Modul-1\/BD5625\" rel=\"noopener noreferrer\">Kita-Verpflegung &#8211; gesund und lecker Mehr Vollkorngerichte in der Kitaverpflegung &#8211; Modul 5<\/a>, Mi. 18.11.2026<br \/>\n<\/p>\n<p><a target=\"_blank\" href=\"https:\/\/www.vhs-kaiserslautern.de\/kurse\/gesundheit\/kurs\/Persische-Kueche-kulinarische-Reise-ins-Land-der-unbegrenzten-Gewuerze\/BE3519\" rel=\"noopener noreferrer\">Persische K\u00fcche: kulinarische Reise ins Land der unbegrenzten Gew\u00fcrze<\/a>, Mo. 30.11.2026<br \/>\n<\/p>\n<p><!--\nOder gehen Sie auf der Homepage bei den Online-Kursangeboten zu den Kochkursen <a href=\"https:\/\/www.vhs-kaiserslautern.de\/kurse\/online-kurse-digitales-lernen\/kategorie\/Online+Kochkurse\/609#inhalt\" target=\"_blank\" rel=\"noopener noreferrer\">zu den Online-Kochkursen<\/a>\n --><\/p>\n\t<div class=\"pixcode  pixcode--grid  grid\" >\n\t\t\t<div class=\"island grid__item seven-twelfths palm-one-whole\" >\n\t\t\n<hgroup class=\"pixcode  pixcode--heading article__headline\">\n\t<h2 class=\"headline__secondary\"><span class=\"first-letter\">J<\/span>etzt<\/h2>\n\t<h1 class=\"headline__primary\">Anmelden<\/h1>\n<\/hgroup>\n<div class=\"pixcode  pixcode--separator  separator separator--flower separator_color--dark\">&#10043;<\/div>\n\n<p style=\"text-align: left;\">Sie haben folgende Anmeldem\u00f6glichkeiten:<\/p>\n<ul>\n<li>Der einfachste Weg ist die Online-Anmeldung \u00fcber die Homepage der VHS-Kaiserslautern.<\/li>\n<li>Im Sekretariat der VHS mit Barzahlung, Scheckkarte oder Abbuchung, Anmeldung durch Dritte ist auch m\u00f6glich.<\/li>\n<li>Durch \u00dcberweisung der Kursgeb\u00fchr auf das Konto der VHS Kaiserslautern bei der Stadtsparkasse Kaiserslautern. IBAN: DE85 5405 0110 0000 1543 36 und BIC : MALADE51KLS unter Angabe der Anschrift und der Kursnummer.<\/li>\n<li>Durch \u00dcberweisung der Kursgeb\u00fchr auf das Konto der VHS Kaiserslautern bei der Kreissparkasse Kaiserslautern. IBAN: DE41 5405 0220 0000 6169 87 und BIC: MALADE51KLK unter Angabe der Anschrift und der Kursnummer.<\/li>\n<li>Unter Verwendung des Anmeldevordrucks auf der letzten Seite des Programmheftes, per Fax oder per Post, mit der Erm\u00e4chtigung zum Einzug der Geb\u00fchren durch Lastschrift<\/li>\n<li>Telefonisch bei gleichzeitiger Erteilung eines SEPA-Lastschriftmandates.<\/li>\n<\/ul>\n\t<\/div>\n\t<div class=\"grid__item five-twelfths palm-one-whole\" >\n\t\t\n<p style=\"text-align: center;\"><img decoding=\"async\" class=\"alignnone wp-image-345 size-large\" src=\"https:\/\/kochklasse-kaiserslautern.de\/wp-content\/uploads\/2020\/05\/anmeldung.png\" alt=\"\" width=\"500\" \/><\/p>\n<p><strong>Koch Klasse!<\/strong><br \/>\nDie Kochschule der Volkshochschule Kaiserslautern e.V.<br \/>\n67655 Kaiserslautern<br \/>\nKanalstra\u00dfe 3<br \/>\nTelefon 0631 36258-13<br \/>\nwww.vhs-kaiserslautern.de<br \/>\ninfo@vhs-kaiserslautern.de<\/p>\n<p><strong>Kursanmeldung Online ist m\u00f6glich \u00fcber:<\/strong><br \/>\n&#8211; das Bankkonto (SEPA-)Lastschrift<br \/>\n&#8211; Sofort\u00fcberweisung<\/p>\n\t<\/div>\n\n\t<\/div>\n\n","protected":false},"excerpt":{"rendered":"<p>Um Ihren Kochkurs zu finden haben Sie folgende M\u00f6glichkeiten: Gehen Sie auf der Homepage in den Programmbereich &#8222;Gesundheit und Ern\u00e4hrung&#8220; zum Thema &#8222;Kochen &amp; Backen&#8220; oder &#8222;Weine &#8211; Cocktails &#8211; Whisky&#8220; und Sie finden eine Liste der aktuellen Kursangebote zum Programmbereich &#8222;Gesundheit und Ern\u00e4hrung&#8220; Direkt zu unseren Kochkursen und Weinseminaren im 1. Halbjahr 2026 Pilzkurse [&hellip;]<\/p>\n","protected":false},"author":1,"featured_media":1061,"parent":321,"menu_order":0,"comment_status":"closed","ping_status":"closed","template":"","meta":[],"_links":{"self":[{"href":"https:\/\/kochklasse-kaiserslautern.de\/index.php?rest_route=\/wp\/v2\/pages\/332"}],"collection":[{"href":"https:\/\/kochklasse-kaiserslautern.de\/index.php?rest_route=\/wp\/v2\/pages"}],"about":[{"href":"https:\/\/kochklasse-kaiserslautern.de\/index.php?rest_route=\/wp\/v2\/types\/page"}],"author":[{"embeddable":true,"href":"https:\/\/kochklasse-kaiserslautern.de\/index.php?rest_route=\/wp\/v2\/users\/1"}],"replies":[{"embeddable":true,"href":"https:\/\/kochklasse-kaiserslautern.de\/index.php?rest_route=%2Fwp%2Fv2%2Fcomments&post=332"}],"version-history":[{"count":148,"href":"https:\/\/kochklasse-kaiserslautern.de\/index.php?rest_route=\/wp\/v2\/pages\/332\/revisions"}],"predecessor-version":[{"id":1523,"href":"https:\/\/kochklasse-kaiserslautern.de\/index.php?rest_route=\/wp\/v2\/pages\/332\/revisions\/1523"}],"up":[{"embeddable":true,"href":"https:\/\/kochklasse-kaiserslautern.de\/index.php?rest_route=\/wp\/v2\/pages\/321"}],"wp:featuredmedia":[{"embeddable":true,"href":"https:\/\/kochklasse-kaiserslautern.de\/index.php?rest_route=\/wp\/v2\/media\/1061"}],"wp:attachment":[{"href":"https:\/\/kochklasse-kaiserslautern.de\/index.php?rest_route=%2Fwp%2Fv2%2Fmedia&parent=332"}],"curies":[{"name":"wp","href":"https:\/\/api.w.org\/{rel}","templated":true}]}}