{"id":328,"date":"2014-06-26T07:31:21","date_gmt":"2014-06-26T07:31:21","guid":{"rendered":""},"modified":"2020-05-22T19:20:11","modified_gmt":"2020-05-22T19:20:11","slug":"328-2","status":"publish","type":"page","link":"https:\/\/kochklasse-kaiserslautern.de\/?page_id=328","title":{"rendered":"K\u00fcchenkultur"},"content":{"rendered":"<p>Ein offener, lichtdurchfluteter Raum, ausgestattet mit modernster Technik, erm\u00f6glicht das Kochen\u00a0 in Gruppen von bis zu 14 Personen. In unserer gro\u00dfz\u00fcgigen Inselk\u00fcche kann sich jede\/r entfalten und erh\u00e4lt Tipps vom Profi, um die eigenen Kochk\u00fcnste zu verfeinern. Genie\u00dfen Sie im Anschluss gemeinsam die kulinarische Vielfalt in netter Gesellschaft an einer stilvollen Tafel.<\/p>\n\t<div class=\"pixcode  pixcode--grid  grid\" >\n\t\t\t<div class=\"grid__item six-twelfths palm-one-whole\" >\n\t\t\n<p>&nbsp;<\/p>\n<div id='gallery-1' class='gallery galleryid-328 gallery-columns-1 gallery-size-full'><figure class='gallery-item'>\n\t\t\t<div class='gallery-icon landscape'>\n\t\t\t\t<a data-title=\"kueched\" data-alt=\"\" href='https:\/\/kochklasse-kaiserslautern.de\/wp-content\/uploads\/2020\/04\/kueched-1.jpg'><img width=\"1000\" height=\"751\" src=\"https:\/\/kochklasse-kaiserslautern.de\/wp-content\/uploads\/2020\/04\/kueched-1.jpg\" class=\"attachment-full size-full\" alt=\"\" decoding=\"async\" loading=\"lazy\" srcset=\"https:\/\/kochklasse-kaiserslautern.de\/wp-content\/uploads\/2020\/04\/kueched-1.jpg 1000w, https:\/\/kochklasse-kaiserslautern.de\/wp-content\/uploads\/2020\/04\/kueched-1-300x225.jpg 300w, https:\/\/kochklasse-kaiserslautern.de\/wp-content\/uploads\/2020\/04\/kueched-1-768x577.jpg 768w, https:\/\/kochklasse-kaiserslautern.de\/wp-content\/uploads\/2020\/04\/kueched-1-900x676.jpg 900w, https:\/\/kochklasse-kaiserslautern.de\/wp-content\/uploads\/2020\/04\/kueched-1-400x300.jpg 400w\" sizes=\"(max-width: 1000px) 100vw, 1000px\" \/><\/a>\n\t\t\t<\/div><\/figure><figure class='gallery-item'>\n\t\t\t<div class='gallery-icon landscape'>\n\t\t\t\t<a data-title=\"kuechec\" data-alt=\"\" href='https:\/\/kochklasse-kaiserslautern.de\/wp-content\/uploads\/2020\/04\/kuechec.jpg'><img width=\"500\" height=\"333\" src=\"https:\/\/kochklasse-kaiserslautern.de\/wp-content\/uploads\/2020\/04\/kuechec.jpg\" class=\"attachment-full size-full\" alt=\"\" decoding=\"async\" loading=\"lazy\" srcset=\"https:\/\/kochklasse-kaiserslautern.de\/wp-content\/uploads\/2020\/04\/kuechec.jpg 500w, https:\/\/kochklasse-kaiserslautern.de\/wp-content\/uploads\/2020\/04\/kuechec-300x200.jpg 300w, https:\/\/kochklasse-kaiserslautern.de\/wp-content\/uploads\/2020\/04\/kuechec-400x266.jpg 400w\" sizes=\"(max-width: 500px) 100vw, 500px\" \/><\/a>\n\t\t\t<\/div><\/figure>\n\t\t<\/div>\n\n\t<\/div>\n\t<div class=\"island grid__item six-twelfths palm-one-whole\" >\n\t\t\n<hgroup class=\"pixcode  pixcode--heading article__headline\">\n\t<h2 class=\"headline__secondary\"><span class=\"first-letter\">E<\/span>ntdecken Sie<\/h2>\n\t<h1 class=\"headline__primary\">unsere VHS Kochschule<\/h1>\n<\/hgroup>\n<div class=\"pixcode  pixcode--separator  separator separator--flower separator_color--dark\">&#10043;<\/div>\n\n<p><strong>Die Austattung unserer Kochschule:<\/strong><\/p>\n<p><em><strong>K\u00fcchenbereich<\/strong><\/em><\/p>\n<p>&#8211; Gro\u00dfe Kochinseln mit vier gro\u00dfen Induktionskochfeldern, zwei Gasherden inkl. Wokbrenner und vier Back\u00f6fen (inkl. Dampfgarer und Mikrowelle)<br \/>\n&#8211; Arbeitsbereiche rund um die Kochinsel mit Arbeitsfl\u00e4che, vier Sp\u00fclbereiche zum Waschen von Gem\u00fcse etc.<br \/>\n&#8211; Zwei Gastro-Geschirrsp\u00fcler, Edelstahl-K\u00fchl-Gefrierkombination mit Eisw\u00fcrfelbereiter, zwei Weink\u00fchlschr\u00e4nke, Kaffeevollautomat<\/p>\n<p><strong><em>Essbereich<\/em><\/strong><\/p>\n<p>&#8211; Gro\u00dfe Holztische f\u00fcr bis zu 14 Personen<br \/>\n&#8211; Mediale Ausstattung wie Flipchart, Musikanlage mit Bluetooth, Multi-Media Touchscreen und weitere audiovisuelle Ger\u00e4te auf Anfrage<\/p>\n<p>&nbsp;<\/p>\n\t<\/div>\n\t<\/div>\n\n<p><strong>Die K\u00fcchenschlacht 2019 &#8211; Er\u00f6ffnung der neuen Lehrk\u00fcche<\/strong><br \/>\nDieses Youtube-Video zeigt unsere neue K\u00fcche bei der Feuertaufe. Zur Er\u00f6ffnung unserer neuen Lehrk\u00fcche sind drei Teams in einen Promi-Kochwettstreit getreten. Eine 12 k\u00f6pfige Jury hat ein Urteil gef\u00e4llt. Welches Menu die meisten Punkte auf sich vereinigen konnte und wer als strahlender Sieger aus dem Wettbewerb hervorging zeigt unser Video.<\/p>\n<p><a target=\"_blank\" href=\"https:\/\/youtu.be\/8kRZpV59K8c\" rel=\"noopener noreferrer\">zum Youtube-Video<\/a> (Dauer ca. 6 Minuten)<\/p>\n<p><strong>Kochen kann jede und jeder<\/strong><\/p>\n<p>Lassen Sie sich \u00fcberraschen, wie schnell und einfach Sie genussvolles, gesundes und leckeres Essen zubereiten k\u00f6nnen. Hier erhalten Sie Tipps, um Schritt f\u00fcr Schritt unter fachkundiger Anleitung Ihr Wissen zu erweitern. Grundlegende Techniken werden verst\u00e4ndlich am Herd erkl\u00e4rt und die Ergebnisse gemeinsam genossen. Unsere Kochkurse sind anregend, inspirierend und sprechen alle Sinne an. Lassen Sie sich \u00fcberraschen und entf\u00fchren in die Welt des Kochens!<\/p>\n\t<div class=\"pixcode  pixcode--grid  grid\" >\n\t\t\t<div class=\"island grid__item six-twelfths palm-one-whole\" >\n\t\t\n<hgroup class=\"pixcode  pixcode--heading article__headline\">\n\t<h2 class=\"headline__secondary\"><span class=\"first-letter\">K<\/span>ochen \u00fcber<\/h2>\n\t<h1 class=\"headline__primary\">den D\u00e4chern der Altstadt<\/h1>\n<\/hgroup>\n<div class=\"pixcode  pixcode--separator  separator separator--flower separator_color--dark\">&#10043;<\/div>\n\n<p><strong>Technik und Ger\u00e4te-Erlebnis<\/strong><\/p>\n<p>Unsere moderne VHS-Kochschule ist mit modernster Technik namhafter Firmen ausgestattet. Erleben Sie die Produktvielfalt<br \/>\nund lernen Sie die unterschiedlichsten\u00a0 Bedienm\u00f6glichkeiten kennen.<\/p>\n<p><strong>Kontakt f\u00fcr Anfragen:<\/strong><br \/>\nSusanne Zens<br \/>\nTelefon 0631 36258-13<br \/>\nsusanne.zens@vhs-kaiserslautern.de<\/p>\n\t<\/div>\n\n\t<div class=\"grid__item six-twelfths palm-one-whole\" >\n\t\t\n<div id='gallery-2' class='gallery galleryid-328 gallery-columns-1 gallery-size-full'><figure class='gallery-item'>\n\t\t\t<div class='gallery-icon landscape'>\n\t\t\t\t<a data-title=\"kuechee\" data-alt=\"\" href='https:\/\/kochklasse-kaiserslautern.de\/wp-content\/uploads\/2020\/05\/kuechee.jpg'><img width=\"500\" height=\"362\" src=\"https:\/\/kochklasse-kaiserslautern.de\/wp-content\/uploads\/2020\/05\/kuechee.jpg\" class=\"attachment-full size-full\" alt=\"\" decoding=\"async\" loading=\"lazy\" srcset=\"https:\/\/kochklasse-kaiserslautern.de\/wp-content\/uploads\/2020\/05\/kuechee.jpg 500w, https:\/\/kochklasse-kaiserslautern.de\/wp-content\/uploads\/2020\/05\/kuechee-300x217.jpg 300w, https:\/\/kochklasse-kaiserslautern.de\/wp-content\/uploads\/2020\/05\/kuechee-400x290.jpg 400w\" sizes=\"(max-width: 500px) 100vw, 500px\" \/><\/a>\n\t\t\t<\/div><\/figure>\n\t\t<\/div>\n\n&nbsp;&nbsp;<br \/>\n<strong>Infos<\/strong><br \/>\nKursgr\u00f6\u00dfe: max. 14 Teilehmer<br \/>\nTermine: nach Abssprache<br \/>\nKursgeb\u00fchr: ab 38,-<\/p>\n\t<\/div>\n\n\t<\/div>\n\n","protected":false},"excerpt":{"rendered":"<p>Ein offener, lichtdurchfluteter Raum, ausgestattet mit modernster Technik, erm\u00f6glicht das Kochen\u00a0 in Gruppen von bis zu 14 Personen. In unserer gro\u00dfz\u00fcgigen Inselk\u00fcche kann sich jede\/r entfalten und erh\u00e4lt Tipps vom Profi, um die eigenen Kochk\u00fcnste zu verfeinern. Genie\u00dfen Sie im Anschluss gemeinsam die kulinarische Vielfalt in netter Gesellschaft an einer stilvollen Tafel. Die K\u00fcchenschlacht 2019 [&hellip;]<\/p>\n","protected":false},"author":1,"featured_media":984,"parent":321,"menu_order":0,"comment_status":"closed","ping_status":"closed","template":"","meta":[],"_links":{"self":[{"href":"https:\/\/kochklasse-kaiserslautern.de\/index.php?rest_route=\/wp\/v2\/pages\/328"}],"collection":[{"href":"https:\/\/kochklasse-kaiserslautern.de\/index.php?rest_route=\/wp\/v2\/pages"}],"about":[{"href":"https:\/\/kochklasse-kaiserslautern.de\/index.php?rest_route=\/wp\/v2\/types\/page"}],"author":[{"embeddable":true,"href":"https:\/\/kochklasse-kaiserslautern.de\/index.php?rest_route=\/wp\/v2\/users\/1"}],"replies":[{"embeddable":true,"href":"https:\/\/kochklasse-kaiserslautern.de\/index.php?rest_route=%2Fwp%2Fv2%2Fcomments&post=328"}],"version-history":[{"count":48,"href":"https:\/\/kochklasse-kaiserslautern.de\/index.php?rest_route=\/wp\/v2\/pages\/328\/revisions"}],"predecessor-version":[{"id":1276,"href":"https:\/\/kochklasse-kaiserslautern.de\/index.php?rest_route=\/wp\/v2\/pages\/328\/revisions\/1276"}],"up":[{"embeddable":true,"href":"https:\/\/kochklasse-kaiserslautern.de\/index.php?rest_route=\/wp\/v2\/pages\/321"}],"wp:featuredmedia":[{"embeddable":true,"href":"https:\/\/kochklasse-kaiserslautern.de\/index.php?rest_route=\/wp\/v2\/media\/984"}],"wp:attachment":[{"href":"https:\/\/kochklasse-kaiserslautern.de\/index.php?rest_route=%2Fwp%2Fv2%2Fmedia&parent=328"}],"curies":[{"name":"wp","href":"https:\/\/api.w.org\/{rel}","templated":true}]}}