{"id":1210,"date":"2020-05-03T15:45:10","date_gmt":"2020-05-03T15:45:10","guid":{"rendered":"http:\/\/inhalt.kochklasse-kaiserslautern.de\/?page_id=1210"},"modified":"2020-05-03T15:48:45","modified_gmt":"2020-05-03T15:48:45","slug":"herz-herd","status":"publish","type":"page","link":"https:\/\/kochklasse-kaiserslautern.de\/?page_id=1210","title":{"rendered":"Herz &#038; Herd"},"content":{"rendered":"<p><strong>Nette Menschen oder die gro\u00dfe Liebe treffen<\/strong><\/p>\n<p>Liebe geht sprichw\u00f6rtlich durch den Magen. Zusammen Kochen hat somit gleich mehrere positive Aspekte \u2013 und das nicht nur f\u00fcr Singles. Ihre Ern\u00e4hrung wird vielseitiger, da Sie sich\u00a0 auch an neue Rezepte heranwagen. Und Sie k\u00f6nnen all die leckeren Sachen gemeinsam mit netten Menschen genie\u00dfen. Ganz gleich, ob Sie Single sind und einen Partner suchen, Ihre gro\u00dfe Liebe schon gefunden haben oder neue Bekanntschaften suchen. Gemeinsam Kochen und Essen verbindet immer!<\/p>\n\t<div class=\"pixcode  pixcode--grid  grid\" >\n\t\t\t<div class=\"grid__item six-twelfths palm-one-whole\" >\n\t\t\n<div id='gallery-1' class='gallery galleryid-1210 gallery-columns-1 gallery-size-full'><figure class='gallery-item'>\n\t\t\t<div class='gallery-icon landscape'>\n\t\t\t\t<a data-title=\"event-herz\" data-alt=\"\" href='https:\/\/kochklasse-kaiserslautern.de\/wp-content\/uploads\/2020\/05\/event-herz.jpg'><img width=\"500\" height=\"333\" src=\"https:\/\/kochklasse-kaiserslautern.de\/wp-content\/uploads\/2020\/05\/event-herz.jpg\" class=\"attachment-full size-full\" alt=\"\" decoding=\"async\" loading=\"lazy\" srcset=\"https:\/\/kochklasse-kaiserslautern.de\/wp-content\/uploads\/2020\/05\/event-herz.jpg 500w, https:\/\/kochklasse-kaiserslautern.de\/wp-content\/uploads\/2020\/05\/event-herz-300x200.jpg 300w, https:\/\/kochklasse-kaiserslautern.de\/wp-content\/uploads\/2020\/05\/event-herz-400x266.jpg 400w\" sizes=\"(max-width: 500px) 100vw, 500px\" \/><\/a>\n\t\t\t<\/div><\/figure>\n\t\t<\/div>\n\n<p>&nbsp;<\/p>\n<p>&nbsp;<\/p>\n<p><strong>Kontakt f\u00fcr Anfragen:<\/strong><\/p>\n<p>Susanne Zens<br \/>\nTelefon 0631 36258-13<br \/>\nsusanne.zens@vhs-kaiserslautern.de<\/p>\n<p><strong>Infos<\/strong><\/p>\n<p>max. 14 Teilehmer<br \/>\nsiehe VHS-Programm<br \/>\nab 38,- pro Person<\/p>\n<p>&nbsp;<\/p>\n<p>&nbsp;<\/p>\n\t<\/div>\n\t<div class=\"island grid__item six-twelfths palm-one-whole\" >\n\t\t\n<hgroup class=\"pixcode  pixcode--heading article__headline\">\n\t<h2 class=\"headline__secondary\"><span class=\"first-letter\">K<\/span>ochen lernen,<\/h2>\n\t<h1 class=\"headline__primary\">sich Kennenlernen<\/h1>\n<\/hgroup>\n<div class=\"pixcode  pixcode--separator  separator separator--flower separator_color--dark\">&#10043;<\/div>\n\n<p><strong>Blinde Date am Herd<\/strong><br \/>\nSechs Frauen treffen am Herd auf sechs M\u00e4nner. Wir bieten die M\u00f6glichkeit neue, interessante Menschen auf unkomplizierte Art und Weise kennenzulernen, mit ihnen ins Gespr\u00e4ch zu kommen, Kontakte zu kn\u00fcpfen und Freunde oder vielleicht sogar einen Partner zu finden. Nicht nur die Koch-Paare, sondern auch die Gerichte aus Asien, Italien, Frankreich und Deutschland werden per Los zugeteilt.<\/p>\n<p><strong>Dinner for Two<\/strong><br \/>\nKommen Sie mit Ihrem Partner und erleben Sie die<br \/>\nLeidenschaft des Kochens. Zur Begr\u00fc\u00dfung starten wir mit<br \/>\neinem Aperitif und selbst zubereiteten H\u00e4ppchen. Wir kochen gemeinsam ein \u00dcberraschungsmen\u00fc und genie\u00dfen diesen besonderen Abend bei Kerzenschein.<\/p>\n<p><strong>After-Work-Cooking<\/strong><br \/>\nVerbringen Sie doch mal einen etwas anderen Feierabend<br \/>\n\u2013 beim After Work Cooking! Runter mit der Krawatte,<br \/>\nSch\u00fcrze umgebunden und hinein in das gemeinsame<br \/>\nKochvergn\u00fcgen. Bei einem Glas Sekt oder Bier<br \/>\nl\u00e4sst sich so mit anderen Kochbegeisterten genussvoll<br \/>\nin den Feierabend einsteigen.<\/p>\n<p>&nbsp;<\/p>\n\t<\/div>\n\t<\/div>\n\n","protected":false},"excerpt":{"rendered":"<p>Nette Menschen oder die gro\u00dfe Liebe treffen Liebe geht sprichw\u00f6rtlich durch den Magen. Zusammen Kochen hat somit gleich mehrere positive Aspekte \u2013 und das nicht nur f\u00fcr Singles. Ihre Ern\u00e4hrung wird vielseitiger, da Sie sich\u00a0 auch an neue Rezepte heranwagen. Und Sie k\u00f6nnen all die leckeren Sachen gemeinsam mit netten Menschen genie\u00dfen. Ganz gleich, ob [&hellip;]<\/p>\n","protected":false},"author":1,"featured_media":1116,"parent":321,"menu_order":0,"comment_status":"closed","ping_status":"closed","template":"","meta":[],"_links":{"self":[{"href":"https:\/\/kochklasse-kaiserslautern.de\/index.php?rest_route=\/wp\/v2\/pages\/1210"}],"collection":[{"href":"https:\/\/kochklasse-kaiserslautern.de\/index.php?rest_route=\/wp\/v2\/pages"}],"about":[{"href":"https:\/\/kochklasse-kaiserslautern.de\/index.php?rest_route=\/wp\/v2\/types\/page"}],"author":[{"embeddable":true,"href":"https:\/\/kochklasse-kaiserslautern.de\/index.php?rest_route=\/wp\/v2\/users\/1"}],"replies":[{"embeddable":true,"href":"https:\/\/kochklasse-kaiserslautern.de\/index.php?rest_route=%2Fwp%2Fv2%2Fcomments&post=1210"}],"version-history":[{"count":3,"href":"https:\/\/kochklasse-kaiserslautern.de\/index.php?rest_route=\/wp\/v2\/pages\/1210\/revisions"}],"predecessor-version":[{"id":1212,"href":"https:\/\/kochklasse-kaiserslautern.de\/index.php?rest_route=\/wp\/v2\/pages\/1210\/revisions\/1212"}],"up":[{"embeddable":true,"href":"https:\/\/kochklasse-kaiserslautern.de\/index.php?rest_route=\/wp\/v2\/pages\/321"}],"wp:featuredmedia":[{"embeddable":true,"href":"https:\/\/kochklasse-kaiserslautern.de\/index.php?rest_route=\/wp\/v2\/media\/1116"}],"wp:attachment":[{"href":"https:\/\/kochklasse-kaiserslautern.de\/index.php?rest_route=%2Fwp%2Fv2%2Fmedia&parent=1210"}],"curies":[{"name":"wp","href":"https:\/\/api.w.org\/{rel}","templated":true}]}}